{"id":13,"date":"2011-03-20T21:14:36","date_gmt":"2011-03-20T20:14:36","guid":{"rendered":"http:\/\/localhost\/gaststaette-oechsner.de\/?page_id=13"},"modified":"2020-11-13T10:24:08","modified_gmt":"2020-11-13T10:24:08","slug":"essen-trinken","status":"publish","type":"page","link":"http:\/\/wp.gaststaette-oechsner.de\/?page_id=13","title":{"rendered":"Essen &#038; Trinken"},"content":{"rendered":"<p><strong>Gastst\u00e4tte Oechsner &#8211; Gut essen seit 1983<\/strong><\/p>\n<p style=\"text-align: justify;\">Wir begr\u00fc\u00dfen Sie auf das herzlichste in unserer Gastst\u00e4tte.<\/p>\n<p style=\"text-align: left;\"><img decoding=\"async\" loading=\"lazy\" class=\"size-full wp-image-129 aligncenter\" title=\"Candlelight-Dinner\" src=\"http:\/\/wp.gaststaette-oechsner.de\/wp-content\/uploads\/2011\/03\/kerzenschein.jpg\" alt=\"Candlelight-Dinner\" width=\"300\" height=\"201\" \/><\/p>\n<p style=\"text-align: justify;\">Unser Anliegen ist es, Ihnen bei gepflegten Getr\u00e4nken, sowie einem reichhaltigen und schmackhaften Speisenangebot, ein paar sch\u00f6ne Stunden in gem\u00fctlicher Atmosph\u00e4re\u00a0 zu bereiten. Unser derzeitiges Angebot entnehmen Sie bitte unserer <a href=\"http:\/\/wp.gaststaette-oechsner.de\/?page_id=437\">Speisekarte<\/a>.<\/p>\n<p style=\"text-align: justify;\">Gern nehmen wir auch Ihre Bestellung f\u00fcr Familien- oder Betriebsfeiern und vielen anderen Anl\u00e4ssen entgegen. Dazu stehen Ihnen zwei Gr\u00f6\u00dfen von Gastr\u00e4umen oder auch die gesamte Gastst\u00e4tte zur Verf\u00fcgung. Zur Unterst\u00fctzung stehen wir Ihnen gern mit Rat und Tat zur Seite.<\/p>\n<p style=\"text-align: justify;\">Wir w\u00fcnschen Ihnen einen angenehmen Aufenthalt.<\/p>\n","protected":false},"excerpt":{"rendered":"<p>Gastst\u00e4tte Oechsner &#8211; Gut essen seit 1983 Wir begr\u00fc\u00dfen Sie auf das herzlichste in unserer Gastst\u00e4tte. Unser Anliegen ist es, Ihnen bei gepflegten Getr\u00e4nken, sowie einem reichhaltigen und schmackhaften Speisenangebot, ein paar sch\u00f6ne Stunden in gem\u00fctlicher Atmosph\u00e4re\u00a0 zu bereiten. Unser derzeitiges Angebot entnehmen Sie bitte unserer Speisekarte. Gern nehmen wir auch Ihre Bestellung f\u00fcr Familien- [&hellip;]<\/p>\n","protected":false},"author":2,"featured_media":0,"parent":0,"menu_order":20,"comment_status":"open","ping_status":"open","template":"","meta":[],"_links":{"self":[{"href":"http:\/\/wp.gaststaette-oechsner.de\/index.php?rest_route=\/wp\/v2\/pages\/13"}],"collection":[{"href":"http:\/\/wp.gaststaette-oechsner.de\/index.php?rest_route=\/wp\/v2\/pages"}],"about":[{"href":"http:\/\/wp.gaststaette-oechsner.de\/index.php?rest_route=\/wp\/v2\/types\/page"}],"author":[{"embeddable":true,"href":"http:\/\/wp.gaststaette-oechsner.de\/index.php?rest_route=\/wp\/v2\/users\/2"}],"replies":[{"embeddable":true,"href":"http:\/\/wp.gaststaette-oechsner.de\/index.php?rest_route=%2Fwp%2Fv2%2Fcomments&post=13"}],"version-history":[{"count":21,"href":"http:\/\/wp.gaststaette-oechsner.de\/index.php?rest_route=\/wp\/v2\/pages\/13\/revisions"}],"predecessor-version":[{"id":640,"href":"http:\/\/wp.gaststaette-oechsner.de\/index.php?rest_route=\/wp\/v2\/pages\/13\/revisions\/640"}],"wp:attachment":[{"href":"http:\/\/wp.gaststaette-oechsner.de\/index.php?rest_route=%2Fwp%2Fv2%2Fmedia&parent=13"}],"curies":[{"name":"wp","href":"https:\/\/api.w.org\/{rel}","templated":true}]}}