{"id":358,"date":"2018-05-31T17:21:14","date_gmt":"2018-05-31T17:21:14","guid":{"rendered":"http:\/\/wp.gaststaette-oechsner.de\/?page_id=358"},"modified":"2018-06-04T14:31:04","modified_gmt":"2018-06-04T14:31:04","slug":"datenschutz","status":"publish","type":"page","link":"http:\/\/wp.gaststaette-oechsner.de\/?page_id=358","title":{"rendered":"Datenschutzerkl\u00e4rung"},"content":{"rendered":"<style type=\"text\/css\"><!-- @page { margin: 2cm } p { margin-bottom: 0.25cm; line-height: 120% } a:link { so-language: zxx } --><\/style>\n<p><b>1. Informationen \u00fcber die Erhebung von personenbezogenen Daten<\/b><\/p>\n<p>Mit dieser Erkl\u00e4rung zum Datenschutz informieren wir \u00fcber die Erhebung personenbezogener Daten bei Nutzung unserer Website. Personenbezogene Daten sind alle Daten, die auf Sie pers\u00f6nlich beziehbar sind, z.\u2009B. Name, Adresse, E-Mail-Adressen, Nutzerverhalten.<\/p>\n<p align=\"justify\">Verantwortlicher im Sinne des Art. 4 Abs. 7 DS-GVO ist Herr Heiko Oechsner, e-Mail heiko.oechsner.gsxr134@web.de, Telefon (037204) 28 63, Telefax (037204) 87 059, Mobil (0162) 43 19 740, Anschrift Lichtensteiner Str. 13, 09394 Hohndorf (siehe unser Impressum).<\/p>\n<p align=\"justify\">Falls wir f\u00fcr einzelne Funktionen unseres Angebots auf beauftragte Dienstleister zur\u00fcckgreifen oder Ihre Daten f\u00fcr werbliche Zwecke nutzen m\u00f6chten, werden wir Sie untenstehend im Detail \u00fcber die jeweiligen Vorg\u00e4nge informieren. Dabei nennen wir auch die festgelegten Kriterien der Speicherdauer.<\/p>\n<p><b>2. Erhebung und Nutzung personenbezogener Daten (Verarbeitungszwecke und Rechtsgrundlage)<\/b><\/p>\n<p><b>Automatisierte Entscheidungsfindung und Profiling<\/b><\/p>\n<p>Wir informieren Sie im Rahmen dieser Datenschutzerkl\u00e4rung, sobald wir Verfahren einer automatisierten Entscheidungsfindung einschlie\u00dflich Profiling durchf\u00fchren und teilen hierbei aussagekr\u00e4ftige Informationen \u00fcber die involvierte Logik sowie die Tragweite und die angestrebten Auswirkungen einer derartigen Verarbeitung f\u00fcr die betroffene Person mit.<\/p>\n<p><b>Verpflichtung zur Bereitstellung personenbezogener Daten<\/b><\/p>\n<p>Zur Bereitstellung personenbezogener Daten sind wir nicht verpflichtet.<\/p>\n<p><b>2.1. Erhebung bei informatorischer Nutzung der Internetseite<\/b><\/p>\n<p>Wenn Sie unsere Internetseite lediglich informatorisch nutzen (wenn Sie sich nicht registrieren oder uns anderweitig Informationen \u00fcbermitteln), erheben wir nur die personenbezogenen Daten, die Ihr Browser an unseren Server \u00fcbermittelt. Wenn Sie unsere Website betrachten m\u00f6chten, erheben wir die folgenden Daten, die f\u00fcr uns technisch erforderlich sind, um Ihnen unsere Website anzuzeigen und die Stabilit\u00e4t und Sicherheit zu gew\u00e4hrleisten. Die Speicherdauer betr\u00e4gt in der Regel max. 7 Tage. Rechtsgrundlage f\u00fcr deren Erhebung ist Art. 6 Abs. 1 S. 1 lit. f DS-GVO.<\/p>\n<p>Der Provider der Seiten erhebt und speichert automatisch Informationen in so genannten Server-Log-Dateien, die Ihr Browser automatisch an uns \u00fcbermittelt. Dies sind:<\/p>\n<p>&#8211; IP-Adresse<br \/>\n&#8211; Datum und Uhrzeit der Anfrage<br \/>\n&#8211; Zeitzonendifferenz zur Greenwich Mean Time (GMT)<br \/>\n&#8211; Inhalt der Anforderung (konkrete Seite)<br \/>\n&#8211; Zugriffsstatus\/HTTP-Statuscode<br \/>\n&#8211; jeweils \u00fcbertragene Datenmenge<br \/>\n&#8211; Website, von der die Anforderung kommt<br \/>\n&#8211; Browser<br \/>\n&#8211; Betriebssystem und dessen Oberfl\u00e4che<br \/>\n&#8211; Sprache und Version der Browsersoftware<\/p>\n<p>Die Daten werden gel\u00f6scht, sobald sie f\u00fcr die Erreichung des Zweckes ihrer Erhebung nicht mehr erforderlich sind. Im Falle der Erfassung der Daten zur Bereitstellung der Website ist dies der Fall, wenn die jeweilige Sitzung beendet ist. Eine Zusammenf\u00fchrung dieser Daten mit anderen Datenquellen wird nicht vorgenommen.<\/p>\n<p><b>2.2. Cookies<\/b><\/p>\n<p>Die Internetseiten verwenden teilweise sogenannte Cookies. Cookies richten auf Ihrem Rechner keinen Schaden an und enthalten keine Viren. Cookies dienen dazu, unser Angebot nutzerfreundlicher, effektiver und sicherer zu machen. Cookies sind kleine Textdateien, die auf Ihrem Rechner abgelegt werden und die Ihr Browser speichert.<\/p>\n<p align=\"justify\">Die meisten der von uns verwendeten Cookies sind so genannte \u201cSession-Cookies\u201d. Sie werden nach Ende Ihres Besuchs automatisch gel\u00f6scht. Andere Cookies bleiben auf Ihrem Endger\u00e4t gespeichert bis Sie diese l\u00f6schen. Diese Cookies erm\u00f6glichen es uns, Ihren Browser beim n\u00e4chsten Besuch wiederzuerkennen.<\/p>\n<p align=\"justify\">Sie k\u00f6nnen Ihren Browser so einstellen, dass Sie \u00fcber das Setzen von Cookies informiert werden und Cookies nur im Einzelfall erlauben, die Annahme von Cookies f\u00fcr bestimmte F\u00e4lle oder generell ausschlie\u00dfen sowie das automatische L\u00f6schen der Cookies beim Schlie\u00dfen des Browser aktivieren. Bei der Deaktivierung von Cookies kann die Funktionalit\u00e4t dieser Website eingeschr\u00e4nkt sein.<\/p>\n<p align=\"justify\">Soweit andere Cookies (z.B. Cookies zur Analyse Ihres Surfverhaltens) gespeichert werden, werden diese in dieser Datenschutzerkl\u00e4rung gesondert behandelt.<\/p>\n<p align=\"justify\"><b>2.3. SSL- bzw. TLS-Verschl\u00fcsselung<\/b><\/p>\n<p align=\"justify\">Diese Seite nutzt aus Sicherheitsgr\u00fcnden und zum Schutz der \u00dcbertragung vertraulicher Inhalte, wie zum Beispiel Bestellungen oder Anfragen, die Sie an uns als Seitenbetreiber senden, eine SSL-bzw. TLS-Verschl\u00fcsselung. Eine verschl\u00fcsselte Verbindung erkennen Sie daran, dass die Adresszeile des Browsers von \u201chttp:\/\/\u201d auf \u201chttps:\/\/\u201d wechselt und an dem Schloss-Symbol in Ihrer Browserzeile.<\/p>\n<p align=\"justify\">Wenn die SSL- bzw. TLS-Verschl\u00fcsselung aktiviert ist, k\u00f6nnen die Daten, die Sie an uns \u00fcbermitteln, nicht von Dritten mitgelesen werden.<\/p>\n<p align=\"justify\"><b>3. Weitere Funktionen und Angebote unserer Website<\/b><\/p>\n<p align=\"justify\">Neben der rein informatorischen Nutzung unserer Website bieten wir verschiedene Leistungen an, die Sie bei Interesse nutzen k\u00f6nnen. Dazu m\u00fcssen Sie in der Regel weitere personenbezogene Daten angeben, die wir zur Erbringung der jeweiligen Leistung nutzen und f\u00fcr die die zuvor genannten Grunds\u00e4tze zur Datenverarbeitung gelten.<\/p>\n<p align=\"justify\">Teilweise bedienen wir uns zur Verarbeitung Ihrer Daten externer Dienstleister. Diese wurden von uns sorgf\u00e4ltig ausgew\u00e4hlt und beauftragt, sind an unsere Weisungen gebunden und werden regelm\u00e4\u00dfig kontrolliert.<\/p>\n<p align=\"justify\">Personenbezogene Daten werden nicht an Dritte weitergegeben, soweit kein Erlaubnistatbestand nach Art. 6 DS-GVO erf\u00fcllt ist. Beispielsweise k\u00f6nnen wir Ihre personenbezogenen Daten an Dritte weitergeben, wenn Vertragsabschl\u00fcsse oder \u00e4hnliche Leistungen von uns gemeinsam mit Partnern angeboten werden. N\u00e4here Informationen hierzu erhalten Sie bei Angabe Ihrer personenbezogenen Daten oder untenstehend in der Beschreibung des Angebotes.<\/p>\n<p align=\"justify\"><i>\u00dcbermittlung in Drittstaaten: <\/i><\/p>\n<p align=\"justify\">Soweit unsere Dienstleister oder Partner ihren Sitz in einem Staat au\u00dferhalb des Europ\u00e4ischen Wirtschaftsraumes (EWR) haben, informieren wir Sie \u00fcber die Folgen dieses Umstands in der Beschreibung des Angebotes.<\/p>\n<p align=\"justify\"><i>Speicherdauer:<\/i><\/p>\n<p align=\"justify\">Hinsichtlich der Speicherdauer ihrer erhobenen Daten finden Sie n\u00e4here Informationen bei den einzelnen Angeboten. Soweit aus rechtlichen Gr\u00fcnden eine fortgesetzte Speicherung erforderlich ist, werden wir Ihre Daten bis zum Ablauf dieser Aufbewahrungsfristen f\u00fcr die weitere Verwendung einschr\u00e4nken und mit Ablauf der Fristen l\u00f6schen.<\/p>\n<p align=\"justify\"><b>3.1. Kontaktformular<\/b><\/p>\n<p align=\"justify\">Ein Kontaktformular wird nicht verwendet.<\/p>\n<p align=\"justify\"><b>3.2. Kontaktaufnahme per E-Mail<\/b><\/p>\n<p align=\"justify\">Bei Ihrer Kontaktaufnahme mit uns per E-Mail werden die von Ihnen mitgeteilten Daten (Ihre E-Mail-Adresse, ggf. Ihr Name und Ihre Telefonnummer) von uns gespeichert, um Ihre Fragen zu beantworten. Rechtsgrundlage f\u00fcr die Verarbeitung der Daten ist Art. 6 Abs. 1 S. 1 f) DS-GVO.<\/p>\n<p align=\"justify\">Die in diesem Zusammenhang anfallenden Daten l\u00f6schen wir, nachdem Ihre Anfrage bearbeitet und der Sachverhalt erledigt ist. Alternativ schr\u00e4nken wir die Verarbeitung ein, falls gesetzliche Aufbewahrungspflichten bestehen.<\/p>\n<p align=\"justify\"><b>3<\/b><b>.<\/b><b>3<\/b><b>. Google Web Fonts<\/b><\/p>\n<p align=\"justify\">Diese Seite nutzt zur einheitlichen Darstellung von Schriftarten so genannte Web Fonts, die von Google bereitgestellt werden. Beim Aufruf einer Seite l\u00e4dt Ihr Browser die ben\u00f6tigten Web Fonts in ihren Browsercache, um Texte und Schriftarten korrekt anzuzeigen.<\/p>\n<p align=\"justify\">Zu diesem Zweck muss der von Ihnen verwendete Browser Verbindung zu den Servern von Google aufnehmen. Hierdurch erlangt Google Kenntnis dar\u00fcber, dass \u00fcber Ihre IP-Adresse unsere Website aufgerufen wurde. Die Nutzung von Google Web Fonts erfolgt im Interesse einer einheitlichen und ansprechenden Darstellung unserer Online-Angebote. Dies stellt ein berechtigtes Interesse im Sinne von Art. 6 Abs. 1 lit. f DSGVO dar.<\/p>\n<p align=\"justify\">Wenn Ihr Browser Web Fonts nicht unterst\u00fctzt, wird eine Standardschrift von Ihrem Computer genutzt.<\/p>\n<p align=\"justify\">Weitere Informationen zu Google Web Fonts finden Sie unter <a href=\"https:\/\/developers.google.com\/fonts\/faq\">https:\/\/developers.google.com\/fonts\/faq<\/a> und in der Datenschutzerkl\u00e4rung von Google: <a href=\"https:\/\/www.google.com\/policies\/privacy\/\">https:\/\/www.google.com\/policies\/privacy\/<\/a>.<\/p>\n<p align=\"justify\"><b>3.4. Google Maps<\/b><\/p>\n<p align=\"justify\">Diese Seite nutzt \u00fcber eine API den Kartendienst Google Maps. Anbieter ist die Google Inc., 1600 Amphitheatre Parkway, Mountain View, CA 94043, USA.<\/p>\n<p align=\"justify\">Zur Nutzung der Funktionen von Google Maps ist es notwendig, Ihre IP Adresse zu speichern. Diese Informationen werden in der Regel an einen Server von Google in den USA \u00fcbertragen und dort gespeichert. Der Anbieter dieser Seite hat keinen Einfluss auf diese Daten\u00fcbertragung.<\/p>\n<p align=\"justify\">Die Nutzung von Google Maps erfolgt im Interesse einer ansprechenden Darstellung unserer Online-Angebote und an einer leichten Auffindbarkeit der von uns auf der Website angegebenen Orte. Dies stellt ein berechtigtes Interesse im Sinne von Art. 6 Abs. 1 lit. f DSGVO dar.<\/p>\n<p align=\"justify\">Mehr Informationen zum Umgang mit Nutzerdaten finden Sie in der Datenschutzerkl\u00e4rung von Google: <a href=\"https:\/\/www.google.de\/intl\/de\/policies\/privacy\/\">https:\/\/www.google.de\/intl\/de\/policies\/privacy\/<\/a>.<\/p>\n<p align=\"justify\"><b>4. Auskunft, L\u00f6schung, Berichtigung, Einschr\u00e4nkung der Verarbeitung, Widerspruchsrecht, Daten\u00fcbertragbarkeit<\/b><\/p>\n<p align=\"justify\">Sie haben gegen\u00fcber uns folgende Rechte hinsichtlich der Sie betreffenden personenbezogenen Daten:<\/p>\n<p align=\"justify\">&#8211; Recht auf Auskunft,<br \/>\n&#8211; Recht auf Berichtigung oder L\u00f6schung,<br \/>\n&#8211; Recht auf Einschr\u00e4nkung der Verarbeitung,<br \/>\n&#8211; Recht auf Widerspruch gegen die Verarbeitung,<br \/>\n&#8211; Recht auf Daten\u00fcbertragbarkeit.<\/p>\n<p align=\"justify\">Wir bitten Sie, sich in diesem Falle an die f\u00fcr die Datenverarbeitung verantwortliche Stelle zu wenden:<\/p>\n<p align=\"justify\">Speisegastst\u00e4tte Oechsner<\/p>\n<p align=\"justify\">Lichtensteiner Str. 13<br \/>\n09394 Hohndorf<\/p>\n<p align=\"justify\">Verantwortlicher: Heiko Oechsner<\/p>\n<p align=\"justify\">Telefon: (037204) 28 63<br \/>\nTelefax: (037204) 87 059<br \/>\nMobil: (0162) 43 19 740<\/p>\n<p align=\"justify\">E-Mail:\u00a0heiko.oechsner.gsxr134@web.de<\/p>\n<p align=\"justify\"><b>5. Widerspruch oder Widerruf gegen die Verarbeitung Ihrer Daten<\/b><\/p>\n<p align=\"justify\"><b>5.1.<\/b> Sofern die Verarbeitung Ihrer personenbezogenen Daten auf einer Einwilligung beruht, haben Sie das Recht, die Einwilligung jederzeit mit Wirkung f\u00fcr die Zukunft zu widerrufen. Ein solcher Widerruf beeinflusst die Zul\u00e4ssigkeit der Verarbeitung Ihrer personenbezogenen Daten, nachdem Sie ihn gegen\u00fcber uns ausgesprochen haben.<\/p>\n<p align=\"justify\"><b>5.2.<\/b> Soweit wir die Verarbeitung Ihrer personenbezogenen Daten auf die Interessenabw\u00e4gung st\u00fctzen, k\u00f6nnen Sie Widerspruch gegen die Verarbeitung einlegen. Dies ist der Fall, wenn die Verarbeitung insbesondere nicht zur Erf\u00fcllung eines Vertrags mit Ihnen erforderlich ist, was von uns jeweils bei der nachfolgenden Beschreibung der Funktionen dargestellt wird. Bei Aus\u00fcbung eines solchen Widerspruchs bitten wir um Darlegung der Gr\u00fcnde, weshalb wir Ihre personenbezogenen Daten nicht wie von uns durchgef\u00fchrt verarbeiten sollten. Im Falle Ihres begr\u00fcndeten Widerspruchs pr\u00fcfen wir die Sachlage und werden entweder die Datenverarbeitung einstellen bzw. anpassen oder Ihnen unsere zwingenden schutzw\u00fcrdigen Gr\u00fcnde aufzeigen, aufgrund derer wir die Verarbeitung fortf\u00fchren.<\/p>\n<p align=\"justify\"><b>5.3.<\/b> Sie k\u00f6nnen der Verarbeitung Ihrer personenbezogenen Daten f\u00fcr Zwecke der Werbung und Datenanalyse jederzeit widersprechen. \u00dcber Ihren Werbewiderspruch k\u00f6nnen Sie uns unter folgenden Kontaktdaten informieren:<\/p>\n<p align=\"justify\">Speisegastst\u00e4tte Oechsner<\/p>\n<p align=\"justify\">Lichtensteiner Str. 13<br \/>\n09394 Hohndorf<\/p>\n<p align=\"justify\">Verantwortlicher: Heiko Oechsner<\/p>\n<p align=\"justify\">Telefon: (037204) 28 63<br \/>\nTelefax: (037204) 87 059<br \/>\nMobil: (0162) 43 19 740<\/p>\n<p align=\"justify\">E-Mail:\u00a0heiko.oechsner.gsxr134@web.de<\/p>\n<p align=\"justify\"><b>6. Beschwerderecht<\/b><\/p>\n<p align=\"justify\">Sie haben zudem das Recht, sich bei einer Datenschutz-Aufsichtsbeh\u00f6rde \u00fcber die Verarbeitung Ihrer personenbezogenen Daten durch uns zu beschweren.<\/p>\n<p align=\"justify\"><b>7. Recht auf Daten\u00fcbertragbarkeit<\/b><\/p>\n<p align=\"justify\">Sie haben das Recht, Daten, die wir auf Grundlage Ihrer Einwilligung oder in Erf\u00fcllung eines Vertrags automatisiert verarbeiten, an sich oder an einen Dritten in einem g\u00e4ngigen, maschinenlesbaren Format aush\u00e4ndigen zu lassen. Sofern Sie die direkte \u00dcbertragung der Daten an einen anderen Verantwortlichen verlangen, erfolgt dies nur, soweit es technisch machbar ist.<\/p>\n","protected":false},"excerpt":{"rendered":"<p>1. Informationen \u00fcber die Erhebung von personenbezogenen Daten Mit dieser Erkl\u00e4rung zum Datenschutz informieren wir \u00fcber die Erhebung personenbezogener Daten bei Nutzung unserer Website. Personenbezogene Daten sind alle Daten, die auf Sie pers\u00f6nlich beziehbar sind, z.\u2009B. Name, Adresse, E-Mail-Adressen, Nutzerverhalten. Verantwortlicher im Sinne des Art. 4 Abs. 7 DS-GVO ist Herr Heiko Oechsner, e-Mail heiko.oechsner.gsxr134@web.de, [&hellip;]<\/p>\n","protected":false},"author":2,"featured_media":0,"parent":0,"menu_order":999,"comment_status":"closed","ping_status":"closed","template":"","meta":[],"_links":{"self":[{"href":"http:\/\/wp.gaststaette-oechsner.de\/index.php?rest_route=\/wp\/v2\/pages\/358"}],"collection":[{"href":"http:\/\/wp.gaststaette-oechsner.de\/index.php?rest_route=\/wp\/v2\/pages"}],"about":[{"href":"http:\/\/wp.gaststaette-oechsner.de\/index.php?rest_route=\/wp\/v2\/types\/page"}],"author":[{"embeddable":true,"href":"http:\/\/wp.gaststaette-oechsner.de\/index.php?rest_route=\/wp\/v2\/users\/2"}],"replies":[{"embeddable":true,"href":"http:\/\/wp.gaststaette-oechsner.de\/index.php?rest_route=%2Fwp%2Fv2%2Fcomments&post=358"}],"version-history":[{"count":14,"href":"http:\/\/wp.gaststaette-oechsner.de\/index.php?rest_route=\/wp\/v2\/pages\/358\/revisions"}],"predecessor-version":[{"id":385,"href":"http:\/\/wp.gaststaette-oechsner.de\/index.php?rest_route=\/wp\/v2\/pages\/358\/revisions\/385"}],"wp:attachment":[{"href":"http:\/\/wp.gaststaette-oechsner.de\/index.php?rest_route=%2Fwp%2Fv2%2Fmedia&parent=358"}],"curies":[{"name":"wp","href":"https:\/\/api.w.org\/{rel}","templated":true}]}}