{"id":39,"date":"2011-03-24T21:04:29","date_gmt":"2011-03-24T20:04:29","guid":{"rendered":"http:\/\/localhost\/gaststaette-oechsner.de\/?page_id=39"},"modified":"2011-03-24T21:04:29","modified_gmt":"2011-03-24T20:04:29","slug":"umgebung","status":"publish","type":"page","link":"http:\/\/wp.gaststaette-oechsner.de\/?page_id=39","title":{"rendered":"Umgebung"},"content":{"rendered":"<p style=\"text-align: justify;\">Unsere Gastst\u00e4tte befindet sich in Hohndorf, das im Erzgebirgsvorland s\u00fcdlich der Bundesstra\u00dfe 173 und westlich der Bundesstra\u00dfe 180 liegt. Die A 72 verl\u00e4uft \u00f6stlich der Gemeinde und ist \u00fcber die Anschl\u00fcsse Stollberg-Nord und -West in ca. 15 km zu erreichen. Die A 4 verl\u00e4uft n\u00f6rdlich der Gemeinde. Die Gemeinde liegt etwa 11 km \u00f6stlich von Zwickau und rund 20 km westlich von Chemnitz. Nach Stollberg im Erzgebirge sind es ca. 8 kmin\u00a0 nordwestliche Richtung.<\/p>\n<h3 style=\"text-align: justify;\">Sehensw\u00fcrdigkeiten<\/h3>\n<p><a href=\"?page_id=48\">Miniwelt und Minikosmos Lichtenstein<\/a><\/p>\n<p><a title=\"Bergbaumuseum Oelsnitz\" href=\"?page_id=67\">Bergbaumuseum Oelsnitz<\/a><\/p>\n<p><a title=\"Daetz-Zentrum Lichtenstein\" href=\"?page_id=89\">Daetz-Zentrum Lichtenstein<\/a><\/p>\n<p><a title=\"GP-Strecke Sachsenring\" href=\"?page_id=98\">Grand Prix-Strecke Sachsenring<\/a><\/p>\n<p>&nbsp;<\/p>\n<p style=\"text-align: justify;\">&nbsp;<\/p>\n<p>&nbsp;<\/p>\n","protected":false},"excerpt":{"rendered":"<p>Unsere Gastst\u00e4tte befindet sich in Hohndorf, das im Erzgebirgsvorland s\u00fcdlich der Bundesstra\u00dfe 173 und westlich der Bundesstra\u00dfe 180 liegt. Die A 72 verl\u00e4uft \u00f6stlich der Gemeinde und ist \u00fcber die Anschl\u00fcsse Stollberg-Nord und -West in ca. 15 km zu erreichen. Die A 4 verl\u00e4uft n\u00f6rdlich der Gemeinde. Die Gemeinde liegt etwa 11 km \u00f6stlich von [&hellip;]<\/p>\n","protected":false},"author":2,"featured_media":0,"parent":0,"menu_order":50,"comment_status":"open","ping_status":"open","template":"","meta":[],"_links":{"self":[{"href":"http:\/\/wp.gaststaette-oechsner.de\/index.php?rest_route=\/wp\/v2\/pages\/39"}],"collection":[{"href":"http:\/\/wp.gaststaette-oechsner.de\/index.php?rest_route=\/wp\/v2\/pages"}],"about":[{"href":"http:\/\/wp.gaststaette-oechsner.de\/index.php?rest_route=\/wp\/v2\/types\/page"}],"author":[{"embeddable":true,"href":"http:\/\/wp.gaststaette-oechsner.de\/index.php?rest_route=\/wp\/v2\/users\/2"}],"replies":[{"embeddable":true,"href":"http:\/\/wp.gaststaette-oechsner.de\/index.php?rest_route=%2Fwp%2Fv2%2Fcomments&post=39"}],"version-history":[{"count":0,"href":"http:\/\/wp.gaststaette-oechsner.de\/index.php?rest_route=\/wp\/v2\/pages\/39\/revisions"}],"wp:attachment":[{"href":"http:\/\/wp.gaststaette-oechsner.de\/index.php?rest_route=%2Fwp%2Fv2%2Fmedia&parent=39"}],"curies":[{"name":"wp","href":"https:\/\/api.w.org\/{rel}","templated":true}]}}