{"id":413,"date":"2020-11-09T13:47:27","date_gmt":"2020-11-09T13:47:27","guid":{"rendered":"http:\/\/wp.gaststaette-oechsner.de\/?page_id=413"},"modified":"2023-11-09T11:30:30","modified_gmt":"2023-11-09T11:30:30","slug":"vorspeisen","status":"publish","type":"page","link":"http:\/\/wp.gaststaette-oechsner.de\/?page_id=413","title":{"rendered":"Vorspeisen"},"content":{"rendered":"<p><img decoding=\"async\" loading=\"lazy\" class=\"alignleft wp-image-427\" src=\"http:\/\/wp.gaststaette-oechsner.de\/wp-content\/uploads\/2020\/11\/oechsner-head2.png\" alt=\"\" width=\"396\" height=\"72\" srcset=\"http:\/\/wp.gaststaette-oechsner.de\/wp-content\/uploads\/2020\/11\/oechsner-head2.png 800w, http:\/\/wp.gaststaette-oechsner.de\/wp-content\/uploads\/2020\/11\/oechsner-head2-300x54.png 300w, http:\/\/wp.gaststaette-oechsner.de\/wp-content\/uploads\/2020\/11\/oechsner-head2-768x139.png 768w\" sizes=\"(max-width: 396px) 100vw, 396px\" \/><\/p>\n<table style=\"width: 100%;\">\n<tbody>\n<tr>\n<td><strong>W\u00fcrzfleisch<\/strong> mit K\u00e4se (3) \u00fcberbacken, dazu Toast<\/td>\n<td style=\"text-align: right;\">5,95 \u20ac<\/td>\n<\/tr>\n<tr>\n<td><strong>Camembertk\u00e4se gebacken<\/strong> dazu Preiselbeeren &amp; Toast<\/td>\n<td style=\"text-align: right;\">3,95 \u20ac<\/td>\n<\/tr>\n<tr>\n<td><strong>Spargelcremesuppe<\/strong><\/td>\n<td style=\"text-align: right;\">3,40 \u20ac<\/td>\n<\/tr>\n<tr>\n<td><strong>Tomatenrahmsuppe<\/strong> mit Sahneh\u00e4ubchen<\/td>\n<td style=\"text-align: right;\">3,40 \u20ac<\/td>\n<\/tr>\n<tr>\n<td><strong>Zwiebelsuppe<\/strong> mit Croutons und K\u00e4sestreifen (3)<\/td>\n<td style=\"text-align: right;\">3,10 \u20ac<\/td>\n<\/tr>\n<tr>\n<td><strong>Hausgemachte Soljanka<\/strong> (4) mit Toast<\/td>\n<td style=\"text-align: right;\">4,10 \u20ac<\/td>\n<\/tr>\n<tr>\n<td><\/td>\n<td><\/td>\n<\/tr>\n<tr>\n<td><\/td>\n<td><\/td>\n<\/tr>\n<tr>\n<td><\/td>\n<td><\/td>\n<\/tr>\n<tr>\n<td><\/td>\n<td><\/td>\n<\/tr>\n<tr>\n<td><\/td>\n<td><\/td>\n<\/tr>\n<tr>\n<td><\/td>\n<td><\/td>\n<\/tr>\n<tr>\n<td><\/td>\n<td><\/td>\n<\/tr>\n<tr>\n<td><\/td>\n<td><\/td>\n<\/tr>\n<tr>\n<td><\/td>\n<td><\/td>\n<\/tr>\n<tr>\n<td><\/td>\n<td><\/td>\n<\/tr>\n<tr>\n<td><\/td>\n<td><\/td>\n<\/tr>\n<tr>\n<td><\/td>\n<td><\/td>\n<\/tr>\n<tr>\n<td><\/td>\n<td><\/td>\n<\/tr>\n<\/tbody>\n<\/table>\n<p><img decoding=\"async\" loading=\"lazy\" class=\"alignleft wp-image-442\" src=\"http:\/\/wp.gaststaette-oechsner.de\/wp-content\/uploads\/2020\/11\/oechsner-foot2.png\" alt=\"\" width=\"396\" height=\"44\" srcset=\"http:\/\/wp.gaststaette-oechsner.de\/wp-content\/uploads\/2020\/11\/oechsner-foot2.png 800w, http:\/\/wp.gaststaette-oechsner.de\/wp-content\/uploads\/2020\/11\/oechsner-foot2-300x33.png 300w, http:\/\/wp.gaststaette-oechsner.de\/wp-content\/uploads\/2020\/11\/oechsner-foot2-768x85.png 768w\" sizes=\"(max-width: 396px) 100vw, 396px\" \/><\/p>\n","protected":false},"excerpt":{"rendered":"<p>W\u00fcrzfleisch mit K\u00e4se (3) \u00fcberbacken, dazu Toast 5,95 \u20ac Camembertk\u00e4se gebacken dazu Preiselbeeren &amp; Toast 3,95 \u20ac Spargelcremesuppe 3,40 \u20ac Tomatenrahmsuppe mit Sahneh\u00e4ubchen 3,40 \u20ac Zwiebelsuppe mit Croutons und K\u00e4sestreifen (3) 3,10 \u20ac Hausgemachte Soljanka (4) mit Toast 4,10 \u20ac<\/p>\n","protected":false},"author":2,"featured_media":0,"parent":437,"menu_order":0,"comment_status":"closed","ping_status":"closed","template":"","meta":[],"_links":{"self":[{"href":"http:\/\/wp.gaststaette-oechsner.de\/index.php?rest_route=\/wp\/v2\/pages\/413"}],"collection":[{"href":"http:\/\/wp.gaststaette-oechsner.de\/index.php?rest_route=\/wp\/v2\/pages"}],"about":[{"href":"http:\/\/wp.gaststaette-oechsner.de\/index.php?rest_route=\/wp\/v2\/types\/page"}],"author":[{"embeddable":true,"href":"http:\/\/wp.gaststaette-oechsner.de\/index.php?rest_route=\/wp\/v2\/users\/2"}],"replies":[{"embeddable":true,"href":"http:\/\/wp.gaststaette-oechsner.de\/index.php?rest_route=%2Fwp%2Fv2%2Fcomments&post=413"}],"version-history":[{"count":31,"href":"http:\/\/wp.gaststaette-oechsner.de\/index.php?rest_route=\/wp\/v2\/pages\/413\/revisions"}],"predecessor-version":[{"id":767,"href":"http:\/\/wp.gaststaette-oechsner.de\/index.php?rest_route=\/wp\/v2\/pages\/413\/revisions\/767"}],"up":[{"embeddable":true,"href":"http:\/\/wp.gaststaette-oechsner.de\/index.php?rest_route=\/wp\/v2\/pages\/437"}],"wp:attachment":[{"href":"http:\/\/wp.gaststaette-oechsner.de\/index.php?rest_route=%2Fwp%2Fv2%2Fmedia&parent=413"}],"curies":[{"name":"wp","href":"https:\/\/api.w.org\/{rel}","templated":true}]}}