{"id":452,"date":"2020-11-10T20:49:15","date_gmt":"2020-11-10T20:49:15","guid":{"rendered":"http:\/\/wp.gaststaette-oechsner.de\/?page_id=452"},"modified":"2025-04-11T12:52:54","modified_gmt":"2025-04-11T12:52:54","slug":"hausmannskost","status":"publish","type":"page","link":"http:\/\/wp.gaststaette-oechsner.de\/?page_id=452","title":{"rendered":"Hausmannskost"},"content":{"rendered":"<p><img decoding=\"async\" loading=\"lazy\" class=\"alignleft wp-image-427\" src=\"http:\/\/wp.gaststaette-oechsner.de\/wp-content\/uploads\/2020\/11\/oechsner-head2.png\" alt=\"\" width=\"396\" height=\"72\" srcset=\"http:\/\/wp.gaststaette-oechsner.de\/wp-content\/uploads\/2020\/11\/oechsner-head2.png 800w, http:\/\/wp.gaststaette-oechsner.de\/wp-content\/uploads\/2020\/11\/oechsner-head2-300x54.png 300w, http:\/\/wp.gaststaette-oechsner.de\/wp-content\/uploads\/2020\/11\/oechsner-head2-768x139.png 768w\" sizes=\"(max-width: 396px) 100vw, 396px\" \/><\/p>\n<table style=\"width: 100%;\">\n<tbody>\n<tr>\n<td><strong>Rindsroulade<\/strong>\u00a0mit gr\u00fcnen Kl\u00f6\u00dfen (5)<br \/>\noder hausgemachten Wickelkl\u00f6\u00dfen, dazu Apfelrotkohl<\/td>\n<td style=\"text-align: right;\">16,90 \u20ac<\/td>\n<\/tr>\n<tr>\n<td><strong>Sauerbraten<\/strong> mit gr\u00fcnen Kl\u00f6\u00dfen (5)<br \/>\noder hausgemachten Wickelkl\u00f6\u00dfen, dazu Apfelrotkohl<\/td>\n<td style=\"text-align: right;\">16,90 \u20ac<\/td>\n<\/tr>\n<tr>\n<td><strong>Eisbein (ausgel\u00f6st)<\/strong><br \/>\nmit gr\u00fcnen Kl\u00f6\u00dfen5 , dazu Sauerkraut<\/td>\n<td style=\"text-align: right;\">13,10 \u20ac<\/td>\n<\/tr>\n<tr>\n<td><strong>Hausgemachtes Beefsteak<\/strong><br \/>\nmit Setzei, dazu Buttergem\u00fcse und Salzkartoffeln<\/td>\n<td style=\"text-align: right;\">11,90 \u20ac<\/td>\n<\/tr>\n<tr>\n<td><strong>Gep\u00f6kelte Rinderzunge\u00a0<\/strong>mit Sauce hollandaise und Butter,<br \/>\ndazu Spargel und Petersilienkartoffeln<\/td>\n<td style=\"text-align: right;\">15,10 \u20ac<\/td>\n<\/tr>\n<tr>\n<td><strong>Sahnegulasch<\/strong><br \/>\nmit b\u00f6hmischen Kn\u00f6del, dazu Sauerkraut<\/td>\n<td style=\"text-align: right;\">12,80 \u20ac<\/td>\n<\/tr>\n<tr>\n<td><strong>Pikantes Feuerfleisch<\/strong> mit Pommes frites<\/td>\n<td style=\"text-align: right;\">13,10 \u20ac<\/td>\n<\/tr>\n<tr>\n<td><\/td>\n<td><\/td>\n<\/tr>\n<tr>\n<td style=\"text-align: right;\"><\/td>\n<td><\/td>\n<\/tr>\n<tr>\n<td><\/td>\n<td><\/td>\n<\/tr>\n<tr>\n<td><\/td>\n<td><\/td>\n<\/tr>\n<tr>\n<td><\/td>\n<td><\/td>\n<\/tr>\n<tr>\n<td><\/td>\n<td><\/td>\n<\/tr>\n<tr>\n<td><\/td>\n<td><\/td>\n<\/tr>\n<tr>\n<td><\/td>\n<td><\/td>\n<\/tr>\n<tr>\n<td><\/td>\n<td><\/td>\n<\/tr>\n<tr>\n<td><\/td>\n<td><\/td>\n<\/tr>\n<tr>\n<td><img decoding=\"async\" loading=\"lazy\" class=\"alignright wp-image-500\" src=\"http:\/\/wp.gaststaette-oechsner.de\/wp-content\/uploads\/2020\/11\/oechsner-foto-hausmannsgerichte-300x150.png\" alt=\"\" width=\"280\" height=\"140\" srcset=\"http:\/\/wp.gaststaette-oechsner.de\/wp-content\/uploads\/2020\/11\/oechsner-foto-hausmannsgerichte-300x150.png 300w, http:\/\/wp.gaststaette-oechsner.de\/wp-content\/uploads\/2020\/11\/oechsner-foto-hausmannsgerichte.png 440w\" sizes=\"(max-width: 280px) 100vw, 280px\" \/><\/td>\n<td><\/td>\n<\/tr>\n<tr>\n<td><\/td>\n<td><\/td>\n<\/tr>\n<\/tbody>\n<\/table>\n<p style=\"text-align: center;\"><em><strong>Auf Anfrage sind viele andere Speisen auch als Seniorengericht erh\u00e4ltlich.<\/strong><\/em><\/p>\n<p><img decoding=\"async\" loading=\"lazy\" class=\"alignleft wp-image-442\" src=\"http:\/\/wp.gaststaette-oechsner.de\/wp-content\/uploads\/2020\/11\/oechsner-foot2.png\" alt=\"\" width=\"396\" height=\"44\" srcset=\"http:\/\/wp.gaststaette-oechsner.de\/wp-content\/uploads\/2020\/11\/oechsner-foot2.png 800w, http:\/\/wp.gaststaette-oechsner.de\/wp-content\/uploads\/2020\/11\/oechsner-foot2-300x33.png 300w, http:\/\/wp.gaststaette-oechsner.de\/wp-content\/uploads\/2020\/11\/oechsner-foot2-768x85.png 768w\" sizes=\"(max-width: 396px) 100vw, 396px\" \/><\/p>\n","protected":false},"excerpt":{"rendered":"<p>Rindsroulade\u00a0mit gr\u00fcnen Kl\u00f6\u00dfen (5) oder hausgemachten Wickelkl\u00f6\u00dfen, dazu Apfelrotkohl 16,90 \u20ac Sauerbraten mit gr\u00fcnen Kl\u00f6\u00dfen (5) oder hausgemachten Wickelkl\u00f6\u00dfen, dazu Apfelrotkohl 16,90 \u20ac Eisbein (ausgel\u00f6st) mit gr\u00fcnen Kl\u00f6\u00dfen5 , dazu Sauerkraut 13,10 \u20ac Hausgemachtes Beefsteak mit Setzei, dazu Buttergem\u00fcse und Salzkartoffeln 11,90 \u20ac Gep\u00f6kelte Rinderzunge\u00a0mit Sauce hollandaise und Butter, dazu Spargel und Petersilienkartoffeln 15,10 \u20ac [&hellip;]<\/p>\n","protected":false},"author":2,"featured_media":0,"parent":437,"menu_order":3,"comment_status":"closed","ping_status":"closed","template":"","meta":[],"_links":{"self":[{"href":"http:\/\/wp.gaststaette-oechsner.de\/index.php?rest_route=\/wp\/v2\/pages\/452"}],"collection":[{"href":"http:\/\/wp.gaststaette-oechsner.de\/index.php?rest_route=\/wp\/v2\/pages"}],"about":[{"href":"http:\/\/wp.gaststaette-oechsner.de\/index.php?rest_route=\/wp\/v2\/types\/page"}],"author":[{"embeddable":true,"href":"http:\/\/wp.gaststaette-oechsner.de\/index.php?rest_route=\/wp\/v2\/users\/2"}],"replies":[{"embeddable":true,"href":"http:\/\/wp.gaststaette-oechsner.de\/index.php?rest_route=%2Fwp%2Fv2%2Fcomments&post=452"}],"version-history":[{"count":35,"href":"http:\/\/wp.gaststaette-oechsner.de\/index.php?rest_route=\/wp\/v2\/pages\/452\/revisions"}],"predecessor-version":[{"id":867,"href":"http:\/\/wp.gaststaette-oechsner.de\/index.php?rest_route=\/wp\/v2\/pages\/452\/revisions\/867"}],"up":[{"embeddable":true,"href":"http:\/\/wp.gaststaette-oechsner.de\/index.php?rest_route=\/wp\/v2\/pages\/437"}],"wp:attachment":[{"href":"http:\/\/wp.gaststaette-oechsner.de\/index.php?rest_route=%2Fwp%2Fv2%2Fmedia&parent=452"}],"curies":[{"name":"wp","href":"https:\/\/api.w.org\/{rel}","templated":true}]}}