{"id":528,"date":"2020-11-10T21:22:15","date_gmt":"2020-11-10T21:22:15","guid":{"rendered":"http:\/\/wp.gaststaette-oechsner.de\/?page_id=528"},"modified":"2025-04-12T13:31:48","modified_gmt":"2025-04-12T13:31:48","slug":"teigwaren","status":"publish","type":"page","link":"http:\/\/wp.gaststaette-oechsner.de\/?page_id=528","title":{"rendered":"Teigwaren"},"content":{"rendered":"<p><img decoding=\"async\" loading=\"lazy\" class=\"alignleft wp-image-427\" src=\"http:\/\/wp.gaststaette-oechsner.de\/wp-content\/uploads\/2020\/11\/oechsner-head2.png\" alt=\"\" width=\"396\" height=\"72\" srcset=\"http:\/\/wp.gaststaette-oechsner.de\/wp-content\/uploads\/2020\/11\/oechsner-head2.png 800w, http:\/\/wp.gaststaette-oechsner.de\/wp-content\/uploads\/2020\/11\/oechsner-head2-300x54.png 300w, http:\/\/wp.gaststaette-oechsner.de\/wp-content\/uploads\/2020\/11\/oechsner-head2-768x139.png 768w\" sizes=\"(max-width: 396px) 100vw, 396px\" \/><\/p>\n<table style=\"width: 100%;\">\n<tbody>\n<tr>\n<td><strong>Medaillons vom Schwein<\/strong>\u00a0mit K\u00e4se (3) belegt,<br \/>\ndazu Gem\u00fcsekreationen und Eiersp\u00e4tzle<\/td>\n<td style=\"text-align: right;\">15,40 \u20ac<\/td>\n<\/tr>\n<tr>\n<td><strong>Spirelli mit Wurstgulasch <\/strong>(4)<br \/>\nund K\u00e4se (3) in Tomatenso\u00dfe<\/td>\n<td style=\"text-align: right;\">7,90 \u20ac<\/td>\n<\/tr>\n<tr>\n<td><\/td>\n<td style=\"text-align: right;\"><\/td>\n<\/tr>\n<tr>\n<td><\/td>\n<td><\/td>\n<\/tr>\n<tr>\n<td><\/td>\n<td><\/td>\n<\/tr>\n<tr>\n<td><\/td>\n<td><\/td>\n<\/tr>\n<tr>\n<td><\/td>\n<td><\/td>\n<\/tr>\n<tr>\n<td><\/td>\n<td><\/td>\n<\/tr>\n<tr>\n<td><\/td>\n<td><\/td>\n<\/tr>\n<tr>\n<td><\/td>\n<td><\/td>\n<\/tr>\n<tr>\n<td><\/td>\n<td><\/td>\n<\/tr>\n<tr>\n<td><\/td>\n<td><\/td>\n<\/tr>\n<tr>\n<td><\/td>\n<td><\/td>\n<\/tr>\n<tr>\n<td><\/td>\n<td><\/td>\n<\/tr>\n<tr>\n<td><\/td>\n<td><\/td>\n<\/tr>\n<tr>\n<td><\/td>\n<td><\/td>\n<\/tr>\n<tr>\n<td><\/td>\n<td><\/td>\n<\/tr>\n<tr>\n<td><\/td>\n<td><\/td>\n<\/tr>\n<tr>\n<td style=\"text-align: right;\"><img decoding=\"async\" loading=\"lazy\" class=\"alignnone wp-image-496\" src=\"http:\/\/wp.gaststaette-oechsner.de\/wp-content\/uploads\/2020\/11\/oechsner-foto-teigwaren.png\" alt=\"\" width=\"171\" height=\"140\" \/><\/td>\n<td><\/td>\n<\/tr>\n<tr>\n<td><\/td>\n<td><\/td>\n<\/tr>\n<\/tbody>\n<\/table>\n<p style=\"text-align: center;\"><em><strong>Auf Anfrage sind viele andere Speisen auch als Seniorengericht erh\u00e4ltlich.<\/strong><\/em><\/p>\n<p><img decoding=\"async\" loading=\"lazy\" class=\"alignleft wp-image-442\" src=\"http:\/\/wp.gaststaette-oechsner.de\/wp-content\/uploads\/2020\/11\/oechsner-foot2.png\" alt=\"\" width=\"396\" height=\"44\" srcset=\"http:\/\/wp.gaststaette-oechsner.de\/wp-content\/uploads\/2020\/11\/oechsner-foot2.png 800w, http:\/\/wp.gaststaette-oechsner.de\/wp-content\/uploads\/2020\/11\/oechsner-foot2-300x33.png 300w, http:\/\/wp.gaststaette-oechsner.de\/wp-content\/uploads\/2020\/11\/oechsner-foot2-768x85.png 768w\" sizes=\"(max-width: 396px) 100vw, 396px\" \/><\/p>\n","protected":false},"excerpt":{"rendered":"<p>Medaillons vom Schwein\u00a0mit K\u00e4se (3) belegt, dazu Gem\u00fcsekreationen und Eiersp\u00e4tzle 15,40 \u20ac Spirelli mit Wurstgulasch (4) und K\u00e4se (3) in Tomatenso\u00dfe 7,90 \u20ac Auf Anfrage sind viele andere Speisen auch als Seniorengericht erh\u00e4ltlich.<\/p>\n","protected":false},"author":2,"featured_media":0,"parent":437,"menu_order":7,"comment_status":"closed","ping_status":"closed","template":"","meta":[],"_links":{"self":[{"href":"http:\/\/wp.gaststaette-oechsner.de\/index.php?rest_route=\/wp\/v2\/pages\/528"}],"collection":[{"href":"http:\/\/wp.gaststaette-oechsner.de\/index.php?rest_route=\/wp\/v2\/pages"}],"about":[{"href":"http:\/\/wp.gaststaette-oechsner.de\/index.php?rest_route=\/wp\/v2\/types\/page"}],"author":[{"embeddable":true,"href":"http:\/\/wp.gaststaette-oechsner.de\/index.php?rest_route=\/wp\/v2\/users\/2"}],"replies":[{"embeddable":true,"href":"http:\/\/wp.gaststaette-oechsner.de\/index.php?rest_route=%2Fwp%2Fv2%2Fcomments&post=528"}],"version-history":[{"count":9,"href":"http:\/\/wp.gaststaette-oechsner.de\/index.php?rest_route=\/wp\/v2\/pages\/528\/revisions"}],"predecessor-version":[{"id":878,"href":"http:\/\/wp.gaststaette-oechsner.de\/index.php?rest_route=\/wp\/v2\/pages\/528\/revisions\/878"}],"up":[{"embeddable":true,"href":"http:\/\/wp.gaststaette-oechsner.de\/index.php?rest_route=\/wp\/v2\/pages\/437"}],"wp:attachment":[{"href":"http:\/\/wp.gaststaette-oechsner.de\/index.php?rest_route=%2Fwp%2Fv2%2Fmedia&parent=528"}],"curies":[{"name":"wp","href":"https:\/\/api.w.org\/{rel}","templated":true}]}}