{"id":67,"date":"2011-03-31T19:51:30","date_gmt":"2011-03-31T18:51:30","guid":{"rendered":"http:\/\/localhost\/gaststaette-oechsner.de\/?page_id=67"},"modified":"2011-06-21T15:21:57","modified_gmt":"2011-06-21T15:21:57","slug":"bergbaumuseum-oelsnitz","status":"publish","type":"page","link":"http:\/\/wp.gaststaette-oechsner.de\/?page_id=67","title":{"rendered":"Bergbaumuseum"},"content":{"rendered":"<p>Das Oelsnitzer Bergbaumuseum ist eines technisches Denkmal mit musealem Charakter. Ab 1976 wurde ein Teil der Tagesanlagen zum Bergbaumuseum \u201eKarl-Liebknecht-Schacht\u201c umgestaltet und am 4. Juli 1986 der \u00d6ffentlichkeit \u00fcbergeben.\u00a0 Das jetzige Bergbaumuseum Oelsnitz\/Erzgebirge umfasst drei wesentliche Bereiche:<\/p>\n<ul>\n<li>den Ausstellungsbereich in der ehemaligen Lohnschalterhalle,<\/li>\n<li>den \u00dcbertagebereich mit verschiedenen Gro\u00dfmaschinen und Anlagen wie Leonard-Umformer, elektrischer Turmf\u00f6rder- maschine, Dampf-F\u00f6rderanlage, H\u00e4ngebank und dem Freigel\u00e4nde mit Dampflok der BR 52, sowie ein F\u00f6rderger\u00fcst und eine elektrischen Trommelf\u00f6rdermaschine von der Steinkohle-Uran-Lagerst\u00e4tte Freital,<\/li>\n<li>den in der ehemaligen Waschkaue authentisch nachgebildeten Untertagebereich des Bergwerks. Hier sind verschiedene Maschinen und Ger\u00e4te aus dem Arbeitsalltag des Bergmanns \u2013 zum Teil in Funktion \u2013 zu sehen.<\/li>\n<\/ul>\n<p>Das Bergbaumuseum Oelsnitz im Erzgebirge ist eine ausgew\u00e4hlte St\u00e4tte in der Liste zum UNESCO-Welterbe &#8222;Montanregion Erzgebirge&#8220;.<\/p>\n<div>\n<dl id=\"attachment_62\">\n<dt>\n<div id=\"attachment_107\" style=\"width: 410px\" class=\"wp-caption aligncenter\"><a title=\"zur Homepage des Bergbaumuseums\" href=\"http:\/\/www.bergbaumuseum-oelsnitz.de\/\" target=\"_blank\"><img aria-describedby=\"caption-attachment-107\" decoding=\"async\" loading=\"lazy\" class=\"size-full wp-image-107  \" title=\"zur Homepage des Bergbaumuseums\" src=\"http:\/\/wp.gaststaette-oechsner.de\/wp-content\/uploads\/2011\/03\/bergbaumuseum.jpg\" alt=\"zur Homepage des Bergbaumuseums\" width=\"400\" height=\"188\" srcset=\"http:\/\/wp.gaststaette-oechsner.de\/wp-content\/uploads\/2011\/03\/bergbaumuseum.jpg 400w, http:\/\/wp.gaststaette-oechsner.de\/wp-content\/uploads\/2011\/03\/bergbaumuseum-300x141.jpg 300w\" sizes=\"(max-width: 400px) 100vw, 400px\" \/><\/a><p id=\"caption-attachment-107\" class=\"wp-caption-text\">Bergbaumuseum<\/p><\/div>\n<\/dt>\n<\/dl>\n<\/div>\n<p>Erreichen  k\u00f6nnen Sie das nur knapp 7 km entfernte Bergbaumuseum zum Beispiel in wenigen Minuten mit  dem PKW.<\/p>\n<div>\n<dl id=\"attachment_59\">\n<dt>\n<div id=\"attachment_109\" style=\"width: 410px\" class=\"wp-caption aligncenter\"><a href=\"http:\/\/maps.google.de\/maps?f=d&amp;source=s_d&amp;saddr=Lichtensteiner+Str.+13,+09394+Hohndorf&amp;daddr=Bergbaumuseum+Oelsnitz%2FErzgebirge,+Pflockenstra%C3%9Fe,+Oelsnitz%2FErzgeb.&amp;hl=de&amp;geocode=FdxgBgMd0iDBACk3ZiekXTGnRzG82T89ccy9AQ%3BFfT9BQMdtjvCACEwDdy65yoJzw&amp;mra=ls&amp;sll=51.151786,10.415039&amp;sspn=16.513534,46.538086&amp;ie=UTF8&amp;t=h&amp;z=14\" target=\"_blank\"><img aria-describedby=\"caption-attachment-109\" decoding=\"async\" loading=\"lazy\" class=\"size-full wp-image-109 \" title=\"Route zum Bergbaumuseum\" src=\"http:\/\/wp.gaststaette-oechsner.de\/wp-content\/uploads\/2011\/03\/route_bergbaumuseum.jpg\" alt=\"Route zum Bergbaumuseum\" width=\"400\" height=\"294\" srcset=\"http:\/\/wp.gaststaette-oechsner.de\/wp-content\/uploads\/2011\/03\/route_bergbaumuseum.jpg 400w, http:\/\/wp.gaststaette-oechsner.de\/wp-content\/uploads\/2011\/03\/route_bergbaumuseum-300x220.jpg 300w\" sizes=\"(max-width: 400px) 100vw, 400px\" \/><\/a><p id=\"caption-attachment-109\" class=\"wp-caption-text\">Route zum Bergbaumuseum<\/p><\/div>\n<\/dt>\n<\/dl>\n<\/div>\n<pre>Quellen:\r\n - de.wikipedia.org\/wiki\/Bergbaumuseum_Oelsnitz\r\n - maps.google.de<\/pre>\n","protected":false},"excerpt":{"rendered":"<p>Das Oelsnitzer Bergbaumuseum ist eines technisches Denkmal mit musealem Charakter. Ab 1976 wurde ein Teil der Tagesanlagen zum Bergbaumuseum \u201eKarl-Liebknecht-Schacht\u201c umgestaltet und am 4. Juli 1986 der \u00d6ffentlichkeit \u00fcbergeben.\u00a0 Das jetzige Bergbaumuseum Oelsnitz\/Erzgebirge umfasst drei wesentliche Bereiche: den Ausstellungsbereich in der ehemaligen Lohnschalterhalle, den \u00dcbertagebereich mit verschiedenen Gro\u00dfmaschinen und Anlagen wie Leonard-Umformer, elektrischer Turmf\u00f6rder- maschine, [&hellip;]<\/p>\n","protected":false},"author":2,"featured_media":0,"parent":39,"menu_order":20,"comment_status":"open","ping_status":"open","template":"","meta":[],"_links":{"self":[{"href":"http:\/\/wp.gaststaette-oechsner.de\/index.php?rest_route=\/wp\/v2\/pages\/67"}],"collection":[{"href":"http:\/\/wp.gaststaette-oechsner.de\/index.php?rest_route=\/wp\/v2\/pages"}],"about":[{"href":"http:\/\/wp.gaststaette-oechsner.de\/index.php?rest_route=\/wp\/v2\/types\/page"}],"author":[{"embeddable":true,"href":"http:\/\/wp.gaststaette-oechsner.de\/index.php?rest_route=\/wp\/v2\/users\/2"}],"replies":[{"embeddable":true,"href":"http:\/\/wp.gaststaette-oechsner.de\/index.php?rest_route=%2Fwp%2Fv2%2Fcomments&post=67"}],"version-history":[{"count":10,"href":"http:\/\/wp.gaststaette-oechsner.de\/index.php?rest_route=\/wp\/v2\/pages\/67\/revisions"}],"predecessor-version":[{"id":186,"href":"http:\/\/wp.gaststaette-oechsner.de\/index.php?rest_route=\/wp\/v2\/pages\/67\/revisions\/186"}],"up":[{"embeddable":true,"href":"http:\/\/wp.gaststaette-oechsner.de\/index.php?rest_route=\/wp\/v2\/pages\/39"}],"wp:attachment":[{"href":"http:\/\/wp.gaststaette-oechsner.de\/index.php?rest_route=%2Fwp%2Fv2%2Fmedia&parent=67"}],"curies":[{"name":"wp","href":"https:\/\/api.w.org\/{rel}","templated":true}]}}