{"id":7,"date":"2011-03-16T16:17:42","date_gmt":"2011-03-16T16:17:42","guid":{"rendered":"http:\/\/localhost\/gaststaette-oechsner.de\/?page_id=2"},"modified":"2026-03-05T07:18:47","modified_gmt":"2026-03-05T07:18:47","slug":"beispiel-seite-2","status":"publish","type":"page","link":"http:\/\/wp.gaststaette-oechsner.de\/?page_id=7","title":{"rendered":"\u00d6ffnungszeiten"},"content":{"rendered":"<h3>\u00a0<\/h3>\n<p>Zu folgenden Zeiten hei\u00dfen wir Sie bei uns herzlich willkommen! Gesellschaften und Familienfeiern vereinbaren wir auch gern au\u00dferhalb dieser \u00d6ffnungszeiten.<\/p>\n<p>K\u00fcchenzeiten gelten von 11:00 Uhr bis 14:00 Uhr und ab 17:00 Uhr<\/p>\n<p>K\u00fcchenschluss ist eine Stunde vor Schlie\u00dfung der Gastst\u00e4tte.<\/p>\n<table style=\"width: 297px; height: 196px;\">\n<tbody>\n<tr>\n<td style=\"text-align: right;\">Montag<\/td>\n<td style=\"width: 20px;\">\u00a0<\/td>\n<td>Ruhetag<\/td>\n<\/tr>\n<tr>\n<td style=\"text-align: right;\">Dienstag<\/td>\n<td style=\"width: 20px;\">\u00a0<\/td>\n<td>Ruhetag<\/td>\n<\/tr>\n<tr>\n<td style=\"text-align: right;\">Mittwoch<\/td>\n<td style=\"width: 20px;\">\u00a0<\/td>\n<td>11.00 \u2013 20.00 Uhr<\/td>\n<\/tr>\n<tr>\n<td style=\"text-align: right;\">Donnerstag<\/td>\n<td style=\"width: 20px;\">\u00a0<\/td>\n<td>11.00 \u2013 20.00 Uhr<\/td>\n<\/tr>\n<tr>\n<td style=\"text-align: right;\">Freitag<\/td>\n<td style=\"width: 20px;\">\u00a0<\/td>\n<td>11.00 \u2013 20.00 Uhr<\/td>\n<\/tr>\n<tr>\n<td style=\"text-align: right;\">Samstag<\/td>\n<td style=\"width: 20px;\">\u00a0<\/td>\n<td>11.00 \u2013 22.00 Uhr<\/td>\n<\/tr>\n<tr>\n<td style=\"text-align: right;\">Sonntag<\/td>\n<td style=\"width: 20px;\">\u00a0<\/td>\n<td>11.00 \u2013 20.00 Uhr<\/td>\n<\/tr>\n<\/tbody>\n<\/table>\n\n\n<p><\/p>\n","protected":false},"excerpt":{"rendered":"<p>\u00a0 Zu folgenden Zeiten hei\u00dfen wir Sie bei uns herzlich willkommen! Gesellschaften und Familienfeiern vereinbaren wir auch gern au\u00dferhalb dieser \u00d6ffnungszeiten. K\u00fcchenzeiten gelten von 11:00 Uhr bis 14:00 Uhr und ab 17:00 Uhr K\u00fcchenschluss ist eine Stunde vor Schlie\u00dfung der Gastst\u00e4tte. Montag \u00a0 Ruhetag Dienstag \u00a0 Ruhetag Mittwoch \u00a0 11.00 \u2013 20.00 Uhr Donnerstag \u00a0 [&hellip;]<\/p>\n","protected":false},"author":2,"featured_media":0,"parent":0,"menu_order":0,"comment_status":"open","ping_status":"open","template":"","meta":[],"_links":{"self":[{"href":"http:\/\/wp.gaststaette-oechsner.de\/index.php?rest_route=\/wp\/v2\/pages\/7"}],"collection":[{"href":"http:\/\/wp.gaststaette-oechsner.de\/index.php?rest_route=\/wp\/v2\/pages"}],"about":[{"href":"http:\/\/wp.gaststaette-oechsner.de\/index.php?rest_route=\/wp\/v2\/types\/page"}],"author":[{"embeddable":true,"href":"http:\/\/wp.gaststaette-oechsner.de\/index.php?rest_route=\/wp\/v2\/users\/2"}],"replies":[{"embeddable":true,"href":"http:\/\/wp.gaststaette-oechsner.de\/index.php?rest_route=%2Fwp%2Fv2%2Fcomments&post=7"}],"version-history":[{"count":35,"href":"http:\/\/wp.gaststaette-oechsner.de\/index.php?rest_route=\/wp\/v2\/pages\/7\/revisions"}],"predecessor-version":[{"id":901,"href":"http:\/\/wp.gaststaette-oechsner.de\/index.php?rest_route=\/wp\/v2\/pages\/7\/revisions\/901"}],"wp:attachment":[{"href":"http:\/\/wp.gaststaette-oechsner.de\/index.php?rest_route=%2Fwp%2Fv2%2Fmedia&parent=7"}],"curies":[{"name":"wp","href":"https:\/\/api.w.org\/{rel}","templated":true}]}}